{"id":657,"date":"2025-05-20T07:50:37","date_gmt":"2025-05-20T07:50:37","guid":{"rendered":"https:\/\/ange-elle.ch\/?page_id=657"},"modified":"2025-10-29T10:06:50","modified_gmt":"2025-10-29T10:06:50","slug":"contact-tarifs","status":"publish","type":"page","link":"https:\/\/ange-elle.ch\/?page_id=657","title":{"rendered":"Contact &amp; tarifs"},"content":{"rendered":"\n<p>Vous pouvez me joindre tr\u00e8s simplement par <strong>t\u00e9l\u00e9phone<\/strong>, <strong>WhatsApp<\/strong> ou <strong>email<\/strong>, selon ce qui vous convient le mieux.<br>Que ce soit pour <strong>fixer un rendez-vous \u00e0 mon cabinet<\/strong>, organiser <strong>une s\u00e9ance \u00e0 distance<\/strong>, ou simplement <strong>poser une question<\/strong>, je vous r\u00e9pondrai avec bienveillance et le plus rapidement possible.<\/p>\n\n\n\n<div class=\"wp-block-buttons flex-basis-100 is-horizontal is-content-justification-center is-layout-flex wp-container-core-buttons-is-layout-24fe55b9 wp-block-buttons-is-layout-flex\" style=\"margin-top:var(--wp--preset--spacing--60);margin-bottom:var(--wp--preset--spacing--60)\">\n<div class=\"wp-block-button is-style-fill\"><a class=\"wp-block-button__link has-white-color has-vivid-purple-background-color has-text-color has-background has-link-color wp-element-button\" href=\"tel:+41796472731\">ME TELEPHONER<\/a><\/div>\n\n\n\n<div class=\"wp-block-button is-style-fill\"><a class=\"wp-block-button__link has-white-color has-vivid-purple-background-color has-text-color has-background has-link-color wp-element-button\" href=\"mailto:contact@ange-elle.ch?subject=Demande%20de%20contact%20depuis%20Angelle&amp;body=Bonjour%2C%0A%0AJe%20vous%20contacte%20via%20votre%20site%20ange-elle.ch%20pour%20prendre%20rendez-vous%20ou%20pour%20obtenir%20des%20information%20suppl%C3%A9mentaires.%20%0A%0AVoici%20ma%20demande%20%3A%20%0A%0AMerci%20d%27avance%20pour%20votre%20retour.%20%20%0ABien%20%C3%A0%20vous%2C%0A\">M&rsquo;ENVOYER UN EMAIL<\/a><\/div>\n\n\n\n<div class=\"wp-block-button is-style-fill\"><a class=\"wp-block-button__link has-white-color has-vivid-purple-background-color has-text-color has-background has-link-color wp-element-button\" href=\"https:\/\/wa.me\/+41796472731?text=Bonjour%2C%20%20%0AJe%20vous%20%C3%A9cris%20depuis%20votre%20site%20ange-elle.ch%20pour%20en%20savoir%20plus%20sur%20vos%20services%20ou%20prendre%20un%20rendez-vous.%20Pouvez-vous%20me%20dire%20comment%20proc%C3%A9der%20%3F%20%F0%9F%8C%9F%20%20%0AMerci%20beaucoup%20%F0%9F%99%8F%0A\" target=\"_blank\" rel=\"noreferrer noopener\">M&rsquo;ECRIRE SUR WHATSAPP<\/a><\/div>\n<\/div>\n\n\n\n<p>Sauf indication contraire de votre part, je vous r\u00e9pondrai <strong>par le m\u00eame moyen de communication<\/strong> que celui que vous avez utilis\u00e9.<br>Si vous pr\u00e9f\u00e9rez \u00eatre contact\u00e9 autrement, n\u2019h\u00e9sitez pas \u00e0 le pr\u00e9ciser lors de votre message.<\/p>\n\n\n\n<h3 class=\"wp-block-heading\">Tarifs<\/h3>\n\n\n\n<p>Le <strong>prix<\/strong> d&rsquo;une s\u00e9ance varie en fonction de la dur\u00e9e :<strong> 50 CHF par tranche de 30 minutes<\/strong> (comptez approximativement <strong>1 heure<\/strong> pour une s\u00e9ance).<\/p>\n\n\n\n<p>Les <strong><a href=\"https:\/\/ange-elle.ch\/?page_id=469#question\">questions personnelles<\/a><\/strong> sont factur\u00e9es <strong>25 CHF<\/strong> la question.<\/p>\n\n\n\n<p>Les paiements s\u2019effectuent via TWINT ou en esp\u00e8ces pour les <strong>s\u00e9ances \u00e0 mon cabinet<\/strong>. Pour<strong> les s\u00e9ances \u00e0 distance et les questions<\/strong>, le <strong>paiement est requis \u00e0 l\u2019avance<\/strong>, par TWINT, virement bancaire, ou Paypal.<\/p>\n\n\n\n<p>Nous pouvons bien entendu \u00e9changer avant toute d\u00e9marche si vous avez besoin de poser des questions ou de clarifier vos besoins.<\/p>\n\n\n\n<h3 class=\"wp-block-heading\" id=\"maps\">Venir \u00e0 mon cabinet<\/h3>\n\n\n\n<p>Patricia Miserez &#8211; <em>Grand-Rue 29 &#8211; 2616 Renan &#8211; Suisse<\/em><\/p>\n\n\n\n<div class=\"wp-block-gmap-gmap-block gmap-block-730vgd0y\"><iframe src=\"https:\/\/maps.google.com\/maps?q=Patricia+-+M%C3%A9diumnit%C3%A9+grand-rue+29+2616+renan&amp;z=15&amp;t=roadmap&amp;output=embed\" class=\"embd-map\" title=\"Patricia - M\u00e9diumnit\u00e9 grand-rue 29 2616 renan\"><\/iframe><\/div>\n","protected":false},"excerpt":{"rendered":"<p>Vous pouvez me joindre tr\u00e8s simplement par t\u00e9l\u00e9phone, WhatsApp ou email, selon ce qui vous convient le mieux.Que ce soit pour fixer un rendez-vous \u00e0 mon cabinet, organiser une s\u00e9ance \u00e0 distance, ou simplement poser une question, je vous r\u00e9pondrai avec bienveillance et le plus rapidement possible. Sauf indication contraire de votre part, je vous [&hellip;]<\/p>\n","protected":false},"author":1,"featured_media":0,"parent":0,"menu_order":0,"comment_status":"closed","ping_status":"closed","template":"","meta":{"footnotes":""},"class_list":["post-657","page","type-page","status-publish","hentry"],"_links":{"self":[{"href":"https:\/\/ange-elle.ch\/index.php?rest_route=\/wp\/v2\/pages\/657","targetHints":{"allow":["GET"]}}],"collection":[{"href":"https:\/\/ange-elle.ch\/index.php?rest_route=\/wp\/v2\/pages"}],"about":[{"href":"https:\/\/ange-elle.ch\/index.php?rest_route=\/wp\/v2\/types\/page"}],"author":[{"embeddable":true,"href":"https:\/\/ange-elle.ch\/index.php?rest_route=\/wp\/v2\/users\/1"}],"replies":[{"embeddable":true,"href":"https:\/\/ange-elle.ch\/index.php?rest_route=%2Fwp%2Fv2%2Fcomments&post=657"}],"version-history":[{"count":31,"href":"https:\/\/ange-elle.ch\/index.php?rest_route=\/wp\/v2\/pages\/657\/revisions"}],"predecessor-version":[{"id":837,"href":"https:\/\/ange-elle.ch\/index.php?rest_route=\/wp\/v2\/pages\/657\/revisions\/837"}],"wp:attachment":[{"href":"https:\/\/ange-elle.ch\/index.php?rest_route=%2Fwp%2Fv2%2Fmedia&parent=657"}],"curies":[{"name":"wp","href":"https:\/\/api.w.org\/{rel}","templated":true}]}}