{"id":592,"date":"2025-05-20T07:49:37","date_gmt":"2025-05-20T07:49:37","guid":{"rendered":"https:\/\/ange-elle.ch\/?page_id=592"},"modified":"2025-10-29T09:55:22","modified_gmt":"2025-10-29T09:55:22","slug":"une-lumiere-sur-votre-chemin","status":"publish","type":"page","link":"https:\/\/ange-elle.ch\/","title":{"rendered":"Une lumi\u00e8re sur votre chemin"},"content":{"rendered":"\n<div class=\"wp-block-media-text is-stacked-on-mobile is-vertically-aligned-top is-image-fill-element\" style=\"border-style:none;border-width:0px;border-radius:0px;margin-top:0;margin-bottom:0;grid-template-columns:35% auto\"><figure class=\"wp-block-media-text__media\"><img loading=\"lazy\" decoding=\"async\" width=\"1536\" height=\"1024\" src=\"https:\/\/ange-elle.ch\/wp-content\/uploads\/2025\/05\/cabinet.webp\" alt=\"\" class=\"wp-image-752 size-full\" style=\"object-position:55% 58%\" srcset=\"https:\/\/ange-elle.ch\/wp-content\/uploads\/2025\/05\/cabinet.webp 1536w, https:\/\/ange-elle.ch\/wp-content\/uploads\/2025\/05\/cabinet-300x200.webp 300w, https:\/\/ange-elle.ch\/wp-content\/uploads\/2025\/05\/cabinet-1024x683.webp 1024w, https:\/\/ange-elle.ch\/wp-content\/uploads\/2025\/05\/cabinet-768x512.webp 768w, https:\/\/ange-elle.ch\/wp-content\/uploads\/2025\/05\/cabinet-416x277.webp 416w\" sizes=\"auto, (max-width: 1536px) 100vw, 1536px\" \/><\/figure><div class=\"wp-block-media-text__content\">\n<p class=\"has-text-align-left margin-top-mobile\"><strong>Bienvenue dans mon cabinet de m\u00e9diumnit\u00e9 et d\u2019accompagnement spirituel depuis 2005.<\/strong><\/p>\n\n\n\n<p>Depuis pr\u00e8s de 20 ans, j&rsquo;ai le privil\u00e8ge de guider celles et ceux qui cherchent des r\u00e9ponses, un nouvel \u00e9lan dans leur vie ou encore se r\u00e9concilier avec soi-m\u00eame.<\/p>\n\n\n\n<p style=\"margin-top:0;margin-right:0;margin-bottom:0;margin-left:0\">\u00c0 travers un panel de soins et de consultations spirituelles vari\u00e9es, je vous aide \u00e0 retrouver votre paix int\u00e9rieure, \u00e0 lever les blocages \u00e9motionnels et \u00e0 \u00e9clairer votre chemin de vie. Chaque s\u00e9ance est enti\u00e8rement adapt\u00e9e \u00e0 votre situation unique et \u00e0 vos besoins du moment.<\/p>\n<\/div><\/div>\n\n\n\n<div class=\"wp-block-buttons is-content-justification-center is-layout-flex wp-container-core-buttons-is-layout-48d0e691 wp-block-buttons-is-layout-flex\" style=\"margin-top:var(--wp--preset--spacing--60);margin-bottom:var(--wp--preset--spacing--60)\">\n<div class=\"wp-block-button is-style-fill\"><a class=\"wp-block-button__link has-white-color has-vivid-purple-background-color has-text-color has-background has-link-color has-text-align-center wp-element-button\" href=\"https:\/\/ange-elle.ch\/?page_id=657\"><strong>Contact &amp; tarifs<\/strong><\/a><\/div>\n<\/div>\n\n\n\n<h2 class=\"wp-block-heading has-text-align-left\">Chaque s\u00e9ance est adapt\u00e9e \u00e0 vos besoins<\/h2>\n\n\n\n<p><em>S\u00e9lectionnez une s\u00e9ance pour avoir plus d&rsquo;informations.<\/em><\/p>\n\n\n\n<div class=\"wp-block-buttons flex-basis-100 is-content-justification-center is-layout-flex wp-container-core-buttons-is-layout-0a20812d wp-block-buttons-is-layout-flex\" style=\"margin-top:var(--wp--preset--spacing--60);margin-bottom:var(--wp--preset--spacing--70)\">\n<div class=\"wp-block-button is-style-fill\"><a class=\"wp-block-button__link has-white-color has-vivid-purple-background-color has-text-color has-background has-link-color wp-element-button\" href=\"https:\/\/ange-elle.ch\/?page_id=469#tarot\">TAROT HOLISTIQUE<\/a><\/div>\n\n\n\n<div class=\"wp-block-button\"><a class=\"wp-block-button__link has-white-color has-vivid-purple-background-color has-text-color has-background has-link-color wp-element-button\" href=\"https:\/\/ange-elle.ch\/?page_id=469#reiki\">RE-HARMONISATION DES CHAKRAS<\/a><\/div>\n\n\n\n<div class=\"wp-block-button\"><a class=\"wp-block-button__link has-white-color has-vivid-purple-background-color has-text-color has-background has-link-color wp-element-button\" href=\"https:\/\/ange-elle.ch\/?page_id=469#medium\">SEANCE DE MEDIUMNITE<\/a><\/div>\n\n\n\n<div class=\"wp-block-button\"><a class=\"wp-block-button__link has-white-color has-vivid-purple-background-color has-text-color has-background has-link-color wp-element-button\" href=\"https:\/\/ange-elle.ch\/?page_id=469#ame\">GUERISON DE L&rsquo;AME<\/a><\/div>\n\n\n\n<div class=\"wp-block-button\"><a class=\"wp-block-button__link has-white-color has-vivid-purple-background-color has-text-color has-background has-link-color wp-element-button\" href=\"https:\/\/ange-elle.ch\/?page_id=469#flamme\">LA FLAMME VIOLETTE DE SAINT-GERMAIN<\/a><\/div>\n\n\n\n<div class=\"wp-block-button\"><a class=\"wp-block-button__link has-white-color has-luminous-vivid-orange-background-color has-text-color has-background has-link-color wp-element-button\" href=\"https:\/\/ange-elle.ch\/?page_id=469#question\">QUESTION PERSONNELLE<\/a><\/div>\n<\/div>\n\n\n\n<h2 class=\"wp-block-heading has-text-align-left\">Les bienfaits que vous pouvez en retirer<\/h2>\n\n\n\n<ul class=\"wp-block-list\">\n<li>Retrouver confiance en vous et en vos choix.<\/li>\n\n\n\n<li>Apaiser vos \u00e9motions et l\u00e2cher prise sur ce qui vous p\u00e8se.<\/li>\n\n\n\n<li>Reconnecter avec votre intuition profonde.<\/li>\n\n\n\n<li>Recevoir des conseils clairs et bienveillants pour avancer plus sereinement.<\/li>\n<\/ul>\n\n\n\n<h2 class=\"wp-block-heading has-text-align-left\">Quelques exemples de ce que nous pouvons accomplir ensemble<\/h2>\n\n\n\n<ul class=\"wp-block-list\">\n<li>Un tirage de tarot holistique pour comprendre un choix difficile ou identifier les blocages cach\u00e9s.<\/li>\n\n\n\n<li>Un soin Reiki pour harmoniser vos \u00e9nergies apr\u00e8s une p\u00e9riode de stress ou de transition.<\/li>\n\n\n\n<li>Une s\u00e9ance de m\u00e9diumnit\u00e9 pour recevoir un message d\u2019un \u00eatre cher disparu et trouver la paix.<\/li>\n\n\n\n<li>Un soin de gu\u00e9rison de l\u2019\u00e2me pour vous lib\u00e9rer d\u2019influences invisibles ou d\u2019un mal-\u00eatre persistant.<\/li>\n\n\n\n<li>Une consultation rapide par message pour obtenir une r\u00e9ponse claire \u00e0 une question importante du quotidien.<\/li>\n<\/ul>\n\n\n\n<hr class=\"wp-block-separator has-alpha-channel-opacity is-style-dots\" style=\"margin-top:var(--wp--preset--spacing--50);margin-bottom:var(--wp--preset--spacing--50)\"\/>\n\n\n\n<p class=\"has-text-align-center\">Je vous invite \u00e0 parcourir ce site pour d\u00e9couvrir mon univers et les s\u00e9ances propos\u00e9s.<br>N\u2019h\u00e9sitez pas \u00e0 me <a href=\"https:\/\/ange-elle.ch\/?page_id=4\" data-type=\"page\" data-id=\"4\">contacter<\/a> directement par <a href=\"mailto:contact@ange-elle.ch?subject=Demande%20de%20contact%20depuis%20Angelle&amp;body=Bonjour%2C%0A%0AJe%20vous%20contacte%20via%20votre%20site%20ange-elle.ch%20pour%20prendre%20rendez-vous%20ou%20pour%20obtenir%20des%20information%20suppl%C3%A9mentaires.%20%0A%0AVoici%20ma%20demande%20%3A%20%0A%0AMerci%20d%27avance%20pour%20votre%20retour.%20%20%0ABien%20%C3%A0%20vous%2C%0A\">e-mail<\/a>, <a href=\"tel:+41796472731\">t\u00e9l\u00e9phone<\/a> ou <a href=\"https:\/\/wa.me\/+41796472731?text=Bonjour%2C%20%20%0AJe%20vous%20%C3%A9cris%20depuis%20votre%20site%20ange-elle.ch%20pour%20en%20savoir%20plus%20sur%20vos%20services%20ou%20prendre%20un%20rendez-vous.%20Pouvez-vous%20me%20dire%20comment%20proc%C3%A9der%20%3F%20%F0%9F%8C%9F%20%20%0AMerci%20beaucoup%20%F0%9F%99%8F%0A\">WhatsApp<\/a> si vous souhaitez \u00e9changer ou poser vos questions : je me ferai un plaisir de vous r\u00e9pondre.<\/p>\n\n\n\n<p class=\"has-text-align-center\">\u2728&nbsp;Au plaisir de vous accompagner sur votre chemin&nbsp;\u2728<\/p>\n\n\n<div class=\"wp-block-image\">\n<figure class=\"aligncenter size-large is-resized\"><img loading=\"lazy\" decoding=\"async\" width=\"683\" height=\"1024\" src=\"https:\/\/ange-elle.ch\/wp-content\/uploads\/2025\/05\/card-683x1024.webp\" alt=\"\" class=\"wp-image-773\" style=\"width:338px;height:auto\" srcset=\"https:\/\/ange-elle.ch\/wp-content\/uploads\/2025\/05\/card-683x1024.webp 683w, https:\/\/ange-elle.ch\/wp-content\/uploads\/2025\/05\/card-200x300.webp 200w, https:\/\/ange-elle.ch\/wp-content\/uploads\/2025\/05\/card-768x1152.webp 768w, https:\/\/ange-elle.ch\/wp-content\/uploads\/2025\/05\/card-416x624.webp 416w, https:\/\/ange-elle.ch\/wp-content\/uploads\/2025\/05\/card.webp 1024w\" sizes=\"auto, (max-width: 683px) 100vw, 683px\" \/><\/figure><\/div>\n\n\n<p><\/p>\n","protected":false},"excerpt":{"rendered":"<p>Bienvenue dans mon cabinet de m\u00e9diumnit\u00e9 et d\u2019accompagnement spirituel depuis 2005. Depuis pr\u00e8s de 20 ans, j&rsquo;ai le privil\u00e8ge de guider celles et ceux qui cherchent des r\u00e9ponses, un nouvel \u00e9lan dans leur vie ou encore se r\u00e9concilier avec soi-m\u00eame. \u00c0 travers un panel de soins et de consultations spirituelles vari\u00e9es, je vous aide \u00e0 [&hellip;]<\/p>\n","protected":false},"author":1,"featured_media":0,"parent":0,"menu_order":0,"comment_status":"closed","ping_status":"closed","template":"","meta":{"footnotes":""},"class_list":["post-592","page","type-page","status-publish","hentry"],"_links":{"self":[{"href":"https:\/\/ange-elle.ch\/index.php?rest_route=\/wp\/v2\/pages\/592","targetHints":{"allow":["GET"]}}],"collection":[{"href":"https:\/\/ange-elle.ch\/index.php?rest_route=\/wp\/v2\/pages"}],"about":[{"href":"https:\/\/ange-elle.ch\/index.php?rest_route=\/wp\/v2\/types\/page"}],"author":[{"embeddable":true,"href":"https:\/\/ange-elle.ch\/index.php?rest_route=\/wp\/v2\/users\/1"}],"replies":[{"embeddable":true,"href":"https:\/\/ange-elle.ch\/index.php?rest_route=%2Fwp%2Fv2%2Fcomments&post=592"}],"version-history":[{"count":48,"href":"https:\/\/ange-elle.ch\/index.php?rest_route=\/wp\/v2\/pages\/592\/revisions"}],"predecessor-version":[{"id":830,"href":"https:\/\/ange-elle.ch\/index.php?rest_route=\/wp\/v2\/pages\/592\/revisions\/830"}],"wp:attachment":[{"href":"https:\/\/ange-elle.ch\/index.php?rest_route=%2Fwp%2Fv2%2Fmedia&parent=592"}],"curies":[{"name":"wp","href":"https:\/\/api.w.org\/{rel}","templated":true}]}}